{"id":42,"date":"2019-05-29T08:31:02","date_gmt":"2019-05-29T06:31:02","guid":{"rendered":"http:\/\/metissedelempire.com\/?page_id=42"},"modified":"2024-01-08T19:17:07","modified_gmt":"2024-01-08T19:17:07","slug":"accueil","status":"publish","type":"page","link":"https:\/\/metissedelempire.com\/index.php\/accueil\/","title":{"rendered":"Les chambres"},"content":{"rendered":"<\/p>\n\n<div class=\"wp-block-image\">\n<figure class=\"alignleft\"><img loading=\"lazy\" decoding=\"async\" width=\"1024\" height=\"551\" src=\"http:\/\/metissedelempire.com\/wp-content\/uploads\/2021\/04\/couv-chambre-dhotes-1024x551.jpg\" alt=\"\" class=\"wp-image-362\" srcset=\"https:\/\/metissedelempire.com\/wp-content\/uploads\/2021\/04\/couv-chambre-dhotes-1024x551.jpg 1024w, https:\/\/metissedelempire.com\/wp-content\/uploads\/2021\/04\/couv-chambre-dhotes-300x161.jpg 300w, https:\/\/metissedelempire.com\/wp-content\/uploads\/2021\/04\/couv-chambre-dhotes-768x413.jpg 768w, https:\/\/metissedelempire.com\/wp-content\/uploads\/2021\/04\/couv-chambre-dhotes-1536x827.jpg 1536w, https:\/\/metissedelempire.com\/wp-content\/uploads\/2021\/04\/couv-chambre-dhotes-2048x1102.jpg 2048w, https:\/\/metissedelempire.com\/wp-content\/uploads\/2021\/04\/couv-chambre-dhotes-1800x969.jpg 1800w, https:\/\/metissedelempire.com\/wp-content\/uploads\/2021\/04\/couv-chambre-dhotes-640x344.jpg 640w\" sizes=\"auto, (max-width: 1024px) 100vw, 1024px\" \/><\/figure>\n<\/div>\n\n\n<p><\/p>\n\n\n\n<p><\/p>\n\n\n\n<h3 class=\"wp-block-heading\">Les chambres<\/h3>\n\n\n\n<\/p>\n<p>La <strong>M\u00e9tisse de l&rsquo;Empire<\/strong> comporte 16 chambres, avec salle de bain privative, de capacit\u00e9 diff\u00e9rentes et modulables selon vos envies.<\/p>\n<p>\n\n\n\n<\/p>\n<p>Chaque chambre \u00e0 son caract\u00e8re et sa touche de couleur. Nous voulons faire de ce lieu un endroit chaleureux et plein de vie ! Elles sont\u00a0dot\u00e9es d&rsquo;une terrasse (au rez-de-chauss\u00e9e) ou d&rsquo;un balcon (au premier \u00e9tage).<\/p>\n<p>\n\n\n\n<figure class=\"wp-block-gallery has-nested-images columns-default is-cropped wp-block-gallery-1 is-layout-flex wp-block-gallery-is-layout-flex\">\n<figure class=\"wp-block-image size-large\"><img loading=\"lazy\" decoding=\"async\" width=\"1024\" height=\"768\" data-id=\"647\" src=\"https:\/\/metissedelempire.com\/wp-content\/uploads\/2024\/01\/512788524.jpg\" alt=\"\" class=\"wp-image-647\" srcset=\"https:\/\/metissedelempire.com\/wp-content\/uploads\/2024\/01\/512788524.jpg 1024w, https:\/\/metissedelempire.com\/wp-content\/uploads\/2024\/01\/512788524-300x225.jpg 300w, https:\/\/metissedelempire.com\/wp-content\/uploads\/2024\/01\/512788524-768x576.jpg 768w, https:\/\/metissedelempire.com\/wp-content\/uploads\/2024\/01\/512788524-640x480.jpg 640w\" sizes=\"auto, (max-width: 1024px) 100vw, 1024px\" \/><\/figure>\n\n\n\n<figure class=\"wp-block-image size-large\"><img loading=\"lazy\" decoding=\"async\" width=\"1024\" height=\"768\" data-id=\"640\" src=\"https:\/\/metissedelempire.com\/wp-content\/uploads\/2024\/01\/IMG_4638-1024x768.jpg\" alt=\"\" class=\"wp-image-640\" srcset=\"https:\/\/metissedelempire.com\/wp-content\/uploads\/2024\/01\/IMG_4638-1024x768.jpg 1024w, https:\/\/metissedelempire.com\/wp-content\/uploads\/2024\/01\/IMG_4638-300x225.jpg 300w, https:\/\/metissedelempire.com\/wp-content\/uploads\/2024\/01\/IMG_4638-768x576.jpg 768w, https:\/\/metissedelempire.com\/wp-content\/uploads\/2024\/01\/IMG_4638-1536x1152.jpg 1536w, https:\/\/metissedelempire.com\/wp-content\/uploads\/2024\/01\/IMG_4638-2048x1536.jpg 2048w, https:\/\/metissedelempire.com\/wp-content\/uploads\/2024\/01\/IMG_4638-1600x1200.jpg 1600w, https:\/\/metissedelempire.com\/wp-content\/uploads\/2024\/01\/IMG_4638-640x480.jpg 640w\" sizes=\"auto, (max-width: 1024px) 100vw, 1024px\" \/><\/figure>\n\n\n\n<figure class=\"wp-block-image size-large\"><img loading=\"lazy\" decoding=\"async\" width=\"768\" height=\"1024\" data-id=\"646\" src=\"https:\/\/metissedelempire.com\/wp-content\/uploads\/2024\/01\/IMG_4640-1-768x1024.jpeg\" alt=\"\" class=\"wp-image-646\" srcset=\"https:\/\/metissedelempire.com\/wp-content\/uploads\/2024\/01\/IMG_4640-1-768x1024.jpeg 768w, https:\/\/metissedelempire.com\/wp-content\/uploads\/2024\/01\/IMG_4640-1-225x300.jpeg 225w, https:\/\/metissedelempire.com\/wp-content\/uploads\/2024\/01\/IMG_4640-1-1152x1536.jpeg 1152w, https:\/\/metissedelempire.com\/wp-content\/uploads\/2024\/01\/IMG_4640-1-1536x2048.jpeg 1536w, https:\/\/metissedelempire.com\/wp-content\/uploads\/2024\/01\/IMG_4640-1-1350x1800.jpeg 1350w, https:\/\/metissedelempire.com\/wp-content\/uploads\/2024\/01\/IMG_4640-1-900x1200.jpeg 900w, https:\/\/metissedelempire.com\/wp-content\/uploads\/2024\/01\/IMG_4640-1-480x640.jpeg 480w, https:\/\/metissedelempire.com\/wp-content\/uploads\/2024\/01\/IMG_4640-1-scaled.jpeg 1920w\" sizes=\"auto, (max-width: 768px) 100vw, 768px\" \/><\/figure>\n\n\n\n<figure class=\"wp-block-image size-full\"><img loading=\"lazy\" decoding=\"async\" width=\"1024\" height=\"768\" data-id=\"649\" src=\"https:\/\/metissedelempire.com\/wp-content\/uploads\/2024\/01\/512788486-1.jpg\" alt=\"\" class=\"wp-image-649\" srcset=\"https:\/\/metissedelempire.com\/wp-content\/uploads\/2024\/01\/512788486-1.jpg 1024w, https:\/\/metissedelempire.com\/wp-content\/uploads\/2024\/01\/512788486-1-300x225.jpg 300w, https:\/\/metissedelempire.com\/wp-content\/uploads\/2024\/01\/512788486-1-768x576.jpg 768w, https:\/\/metissedelempire.com\/wp-content\/uploads\/2024\/01\/512788486-1-640x480.jpg 640w\" sizes=\"auto, (max-width: 1024px) 100vw, 1024px\" \/><\/figure>\n\n\n\n<figure class=\"wp-block-image size-large\"><img loading=\"lazy\" decoding=\"async\" width=\"1000\" height=\"750\" data-id=\"637\" src=\"https:\/\/metissedelempire.com\/wp-content\/uploads\/2024\/01\/IMG-20220707-WA0014.jpg\" alt=\"\" class=\"wp-image-637\" srcset=\"https:\/\/metissedelempire.com\/wp-content\/uploads\/2024\/01\/IMG-20220707-WA0014.jpg 1000w, https:\/\/metissedelempire.com\/wp-content\/uploads\/2024\/01\/IMG-20220707-WA0014-300x225.jpg 300w, https:\/\/metissedelempire.com\/wp-content\/uploads\/2024\/01\/IMG-20220707-WA0014-768x576.jpg 768w, https:\/\/metissedelempire.com\/wp-content\/uploads\/2024\/01\/IMG-20220707-WA0014-640x480.jpg 640w\" sizes=\"auto, (max-width: 1000px) 100vw, 1000px\" \/><\/figure>\n\n\n\n<figure class=\"wp-block-image size-large\"><img loading=\"lazy\" decoding=\"async\" width=\"576\" height=\"768\" data-id=\"638\" src=\"https:\/\/metissedelempire.com\/wp-content\/uploads\/2024\/01\/512785187.jpg\" alt=\"\" class=\"wp-image-638\" srcset=\"https:\/\/metissedelempire.com\/wp-content\/uploads\/2024\/01\/512785187.jpg 576w, https:\/\/metissedelempire.com\/wp-content\/uploads\/2024\/01\/512785187-225x300.jpg 225w, https:\/\/metissedelempire.com\/wp-content\/uploads\/2024\/01\/512785187-480x640.jpg 480w\" sizes=\"auto, (max-width: 576px) 100vw, 576px\" \/><\/figure>\n\n\n\n<figure class=\"wp-block-image size-large\"><img loading=\"lazy\" decoding=\"async\" width=\"768\" height=\"1024\" data-id=\"645\" src=\"https:\/\/metissedelempire.com\/wp-content\/uploads\/2024\/01\/IMG_4642-1-768x1024.jpg\" alt=\"\" class=\"wp-image-645\" srcset=\"https:\/\/metissedelempire.com\/wp-content\/uploads\/2024\/01\/IMG_4642-1-768x1024.jpg 768w, https:\/\/metissedelempire.com\/wp-content\/uploads\/2024\/01\/IMG_4642-1-225x300.jpg 225w, https:\/\/metissedelempire.com\/wp-content\/uploads\/2024\/01\/IMG_4642-1-1152x1536.jpg 1152w, https:\/\/metissedelempire.com\/wp-content\/uploads\/2024\/01\/IMG_4642-1-1536x2048.jpg 1536w, https:\/\/metissedelempire.com\/wp-content\/uploads\/2024\/01\/IMG_4642-1-1350x1800.jpg 1350w, https:\/\/metissedelempire.com\/wp-content\/uploads\/2024\/01\/IMG_4642-1-900x1200.jpg 900w, https:\/\/metissedelempire.com\/wp-content\/uploads\/2024\/01\/IMG_4642-1-480x640.jpg 480w, https:\/\/metissedelempire.com\/wp-content\/uploads\/2024\/01\/IMG_4642-1-scaled.jpg 1920w\" sizes=\"auto, (max-width: 768px) 100vw, 768px\" \/><\/figure>\n\n\n\n<figure class=\"wp-block-image size-large\"><img loading=\"lazy\" decoding=\"async\" width=\"1024\" height=\"768\" data-id=\"644\" src=\"https:\/\/metissedelempire.com\/wp-content\/uploads\/2024\/01\/20221020_151859-1024x768.jpg\" alt=\"\" class=\"wp-image-644\" srcset=\"https:\/\/metissedelempire.com\/wp-content\/uploads\/2024\/01\/20221020_151859-1024x768.jpg 1024w, https:\/\/metissedelempire.com\/wp-content\/uploads\/2024\/01\/20221020_151859-300x225.jpg 300w, https:\/\/metissedelempire.com\/wp-content\/uploads\/2024\/01\/20221020_151859-768x576.jpg 768w, https:\/\/metissedelempire.com\/wp-content\/uploads\/2024\/01\/20221020_151859-1536x1152.jpg 1536w, https:\/\/metissedelempire.com\/wp-content\/uploads\/2024\/01\/20221020_151859-2048x1536.jpg 2048w, https:\/\/metissedelempire.com\/wp-content\/uploads\/2024\/01\/20221020_151859-1600x1200.jpg 1600w, https:\/\/metissedelempire.com\/wp-content\/uploads\/2024\/01\/20221020_151859-640x480.jpg 640w\" sizes=\"auto, (max-width: 1024px) 100vw, 1024px\" \/><\/figure>\n<\/figure>\n\n\n\n<figure class=\"wp-block-image size-large\"><img loading=\"lazy\" decoding=\"async\" width=\"1024\" height=\"461\" src=\"https:\/\/metissedelempire.com\/wp-content\/uploads\/2024\/01\/20221215_125438-1024x461.jpg\" alt=\"\" class=\"wp-image-650\" srcset=\"https:\/\/metissedelempire.com\/wp-content\/uploads\/2024\/01\/20221215_125438-1024x461.jpg 1024w, https:\/\/metissedelempire.com\/wp-content\/uploads\/2024\/01\/20221215_125438-300x135.jpg 300w, https:\/\/metissedelempire.com\/wp-content\/uploads\/2024\/01\/20221215_125438-768x346.jpg 768w, https:\/\/metissedelempire.com\/wp-content\/uploads\/2024\/01\/20221215_125438-1536x691.jpg 1536w, https:\/\/metissedelempire.com\/wp-content\/uploads\/2024\/01\/20221215_125438-2048x922.jpg 2048w, https:\/\/metissedelempire.com\/wp-content\/uploads\/2024\/01\/20221215_125438-1800x810.jpg 1800w, https:\/\/metissedelempire.com\/wp-content\/uploads\/2024\/01\/20221215_125438-640x288.jpg 640w\" sizes=\"auto, (max-width: 1024px) 100vw, 1024px\" \/><\/figure>\n\n\n<figure class=\"gallery-item\"><\/figure>\n<h3>Les activit\u00e9s\u00a0<\/h3>\n<p>Durant votre s\u00e9jour, vous pourrez profiter\u00a0de Popenguine et ses environs mais aussi\u00a0d&rsquo;activit\u00e9s propos\u00e9es par La M\u00e9tisse.<\/p>\n<p><i><b>Adepte de sport ?<\/b><\/i> VTT, cano\u00ebs et autres \u00e9quipements seront disponibles \u00e0 la location.<br \/><i><b>Amoureux de la nature ?<\/b><\/i> La r\u00e9serve de BANDIA et la r\u00e9serve naturelle de Popenguine regorgent d&rsquo;une faune et d&rsquo;une flore incroyable !\u00a0<br \/><i><b>Juste une envie de fl\u00e2ner ?<\/b><\/i> La piscine et la mer \u00e0 50m vous offre le cadre id\u00e9al pour vous reposer.\u00a0<\/p>\n<figure class=\"gallery-item\"><\/figure>\n<figure class=\"gallery-item\"><\/figure>\n<figure class=\"gallery-item\"><\/figure>\n<h3>Tarifs et Options<\/h3>\n<p><strong>Chambre simple 1 personne &#8211; demi pension (petit d\u00e9jeun\u00e9):<\/strong> <br \/>\u00a0&#8211; climatis\u00e9e + eau chaude + Wifi : <strong>20 000 CFA \/ 30\u20ac<\/strong><br \/><strong>Chambre simple 2 personnes &#8211; demi pension (petit d\u00e9jeun\u00e9):<\/strong> <br \/>\u00a0&#8211; climatis\u00e9e + eau chaude + Wifi : <strong>25 000 CFA \/ 40 \u20ac<\/strong><\/p>\n<p><strong>Chambre pour 3 personnes &#8211; demi pension (petit d\u00e9jeun\u00e9):<\/strong> <br \/>\u00a0&#8211; climatis\u00e9e + eau chaude + Wifi : <strong>32 000 CFA \/ 50 \u20ac<\/strong><\/p>\n<p><strong>Chambre 4 personnes &#8211; demi pension (petit d\u00e9jeun\u00e9):<\/strong> <br \/>\u00a0&#8211; climatis\u00e9e + eau chaude + Wifi : <strong>40 000 CFA \/ 60 \u20ac<\/strong><\/p>\n<h5>Repas &amp; Boissons<\/h5>\n<p>Repas midi et soir, plat unique typiquement s\u00e9n\u00e9galais : 3 000 CFA \/ pers.\u00a0<br \/>(pr\u00e9venir quelques heures en avance).<\/p>\n<p>Sur place vente de jus locaux, sodas, g\u00e2teaux ap\u00e9ritifs, etc.<\/p>\n<h5>Navette<\/h5>\n<p>Nous proposons une navette entre Dakar &#8211; l&rsquo;a\u00e9roport AIBD &#8211; Popenguine possible jusqu&rsquo;\u00e0 9 places sur r\u00e9servation.<\/p>\n<p>\u00a0<\/p>","protected":false},"excerpt":{"rendered":"<p>Les chambres La M\u00e9tisse de l&rsquo;Empire comporte 16 chambres, avec salle de bain privative, de capacit\u00e9 diff\u00e9rentes et modulables selon vos envies. Chaque chambre \u00e0 son caract\u00e8re et sa touche de couleur. Nous voulons faire de ce lieu&#8230; <a class=\"read-more\" href=\"https:\/\/metissedelempire.com\/index.php\/accueil\/\">Read More<\/a><\/p>\n","protected":false},"author":1,"featured_media":0,"parent":0,"menu_order":0,"comment_status":"closed","ping_status":"closed","template":"","meta":{"footnotes":""},"class_list":["post-42","page","type-page","status-publish","hentry","no-comments"],"_links":{"self":[{"href":"https:\/\/metissedelempire.com\/index.php\/wp-json\/wp\/v2\/pages\/42","targetHints":{"allow":["GET"]}}],"collection":[{"href":"https:\/\/metissedelempire.com\/index.php\/wp-json\/wp\/v2\/pages"}],"about":[{"href":"https:\/\/metissedelempire.com\/index.php\/wp-json\/wp\/v2\/types\/page"}],"author":[{"embeddable":true,"href":"https:\/\/metissedelempire.com\/index.php\/wp-json\/wp\/v2\/users\/1"}],"replies":[{"embeddable":true,"href":"https:\/\/metissedelempire.com\/index.php\/wp-json\/wp\/v2\/comments?post=42"}],"version-history":[{"count":65,"href":"https:\/\/metissedelempire.com\/index.php\/wp-json\/wp\/v2\/pages\/42\/revisions"}],"predecessor-version":[{"id":651,"href":"https:\/\/metissedelempire.com\/index.php\/wp-json\/wp\/v2\/pages\/42\/revisions\/651"}],"wp:attachment":[{"href":"https:\/\/metissedelempire.com\/index.php\/wp-json\/wp\/v2\/media?parent=42"}],"curies":[{"name":"wp","href":"https:\/\/api.w.org\/{rel}","templated":true}]}}